{"id":40,"date":"2018-03-15T17:11:29","date_gmt":"2018-03-15T17:11:29","guid":{"rendered":"http:\/\/www.eventhropology.es\/nueva-web\/?page_id=40"},"modified":"2018-12-03T09:17:56","modified_gmt":"2018-12-03T08:17:56","slug":"cookies-policy","status":"publish","type":"page","link":"https:\/\/www.eventhropology.es\/en\/cookies-policy\/","title":{"rendered":"Cookies Policy"},"content":{"rendered":"<h3>POL\u00cdTICA DE COOKIES<\/h3>\n<h4>1. Que son las cookies y para qu\u00e9 sirven<\/h4>\n<p>Las cookies son peque\u00f1os archivos que se descargan en su ordenador cuando accede a determinadas p\u00e1ginas web. Sirven, entre otras cosas, para almacenar y recuperar informaci\u00f3n sobre los h\u00e1bitos de navegaci\u00f3n de un usuario o de su equipo y dependiendo de la informaci\u00f3n que contengan y de la forma que utilice su equipo, pueden utilizarse para reconocer al usuario. Como la mayor\u00eda de sitios en internet, EVENTHROPOLOGY, utiliza cookies para mejorar nuestros servicios, realizar campa\u00f1as de publicidad m\u00e1s efectivas y ofrecer una mejor experiencia de navegaci\u00f3n.<br \/>\nTu navegador puede rechazarlas si en su configuraci\u00f3n as\u00ed est\u00e1 previsto. Nota: si rechazas la descarga de las cookies, algunos aspectos de nuestra web no funcionar\u00e1n o no podr\u00e1s acceder a ellos.<br \/>\nLa informaci\u00f3n recogida no contendr\u00e1 ning\u00fan dato de identificaci\u00f3n. Recolectamos datos estad\u00edsticos sobre nuestros visitantes por motivos de seguridad y para estudiar el uso del sitio web. Los datos recogidos podr\u00e1n ser transferidos a terceros para el an\u00e1lisis estad\u00edstico. Ning\u00fan dato de car\u00e1cter personal ser\u00e1 compartido.<br \/>\nEste sito web emplea cookies de sesi\u00f3n (recaban y almacenan datos mientras el usuario accede al Sitio Web) y persistentes (tanto anal\u00edticas como publicitarias). Las cookies persistentes quedan almacenadas en el terminal del usuario de forma que los datos recogidos pueden ser accedidos y tratados durante un per\u00edodo definido por el responsable de la cookie, que puede ir de unos minutos a varios a\u00f1os.<\/p>\n<h4>\n2. Uso de las cookies:<\/h4>\n<p>As\u00ed como otras p\u00e1ginas webs, tambi\u00e9n utilizamos cookies en esta web. Las cookies son fragmentos de informaci\u00f3n de la p\u00e1gina web que env\u00eda al navegador web. El navegador guarda la informaci\u00f3n en archivos de su dispositivo. Las cookies permiten a los visitantes navegar por la p\u00e1gina web (cuando sea aplicable) y nos permite personalizar la p\u00e1gina web y su contenido a las necesidades del visitante y tambi\u00e9n mejora los resultados de las acciones de los usuarios. Si la funci\u00f3n de cookies no est\u00e1 habilitada, no podemos asegurar el correcto funcionamiento de la p\u00e1gina web y las operaciones que usted necesita. Las cookies que utilizamos en nuestra p\u00e1gina web no almacenan datos identificativos. Los datos recogidos no ser\u00e1n transferidos a terceras empresa. No se compartir\u00e1n datos que puedan identificarle.<br \/>\nHay casos en los que usaremos cookies para reunir informaci\u00f3n acerca de nuestros servicios.<br \/>\nLa informaci\u00f3n recogida no contendr\u00e1 ning\u00fan dato de identificaci\u00f3n. Recolectamos datos estad\u00edsticos sobre nuestros visitantes por motivos de seguridad y para estudiar el uso del sitio web. Los datos recogidos podr\u00e1n ser transferidos a terceros para el an\u00e1lisis estad\u00edstico. Ning\u00fan dato personal que permita la identificaci\u00f3n ser\u00e1 compartido.<\/p>\n<p>Al utilizarse, las cookies se descargan a tu ordenador autom\u00e1ticamente, almacen\u00e1ndose en el disco duro junto con la informaci\u00f3n transferida. Los datos obtenidos por las cookies nos servir\u00e1n para mejorar nuestra p\u00e1gina web y los servicios que te ofrecemos.<\/p>\n<p>Tu navegador puede rechazarlas si en su configuraci\u00f3n as\u00ed est\u00e1 previsto. Nota: si rechazas la descarga de las cookies, algunos aspectos de nuestra web no funcionar\u00e1n o no podr\u00e1s acceder a ellos.<br \/>\nLas Cookies en esta p\u00e1gina web ser\u00e1n utilizados de la siguiente forma:<br \/>\nUtilizamos cookies en nuestra solicitud online. Si la funci\u00f3n de Cookie no est\u00e1 activada, el usuario del dispositivo no podr\u00e1 registrarse en nuestra web ni utilizar nuestros servicios.<\/p>\n<p>Tambi\u00e9n utilizamos cookies para aprender c\u00f3mo los usuarios llegan a nuestra p\u00e1gina web y explorar c\u00f3mo usan la web &#8211; que nos ayuda a mejorar la calidad de los servicios proporcionados a Vd. Por ejemplo, utilizamos Google Analytics &#8211; un servicio de an\u00e1lisis de rendimiento basado en las web populares proporcionadas por Google. Google Analytics utiliza cookies para ayudarnos a analizar c\u00f3mo los visitantes usan nuestro sitio web. M\u00e1s informaci\u00f3n sobre el uso de cookies se puede encontrar en Google&#8217;s Privacy policy.<\/p>\n<p>Utilizamos cookies para el seguimiento y gesti\u00f3n del flujo de datos del sitio web.<\/p>\n<p>Utilizamos dos tipos de cookies en nuestra p\u00e1gina web:<\/p>\n<p>Control y eliminaci\u00f3n de cookies. No utilizamos cookies para recopilar informaci\u00f3n personal sobre los usuarios. Sin embargo, si desea restringir o bloquear las cookies en nuestro sitio web o cualquier otro sitio web, puede hacerlo cambiando la configuraci\u00f3n del navegador web. Para obtener m\u00e1s informaci\u00f3n sobre esta oportunidad, utilice la funci\u00f3n de su navegador &#8220;ayuda&#8221;. Para obtener informaci\u00f3n acerca de c\u00f3mo eliminar las cookies de su navegador del dispositivo m\u00f3vil, por favor, consulte la gu\u00eda de usuario de dispositivos.<\/p>\n<p>Dar su consentimiento para el uso de cookies. Antes de empezar a usar nuestro sitio web, tenemos que obtener su consentimiento para el uso de cookies. Por lo tanto, nuestro sitio web tiene una ventana emergente que le informa sobre el uso de cookies y se le pide que en caso de aceptar el uso de cookies, haga clic en &#8220;OK&#8221;.<\/p>\n<h4>3 \u00bfQu\u00e9 tipos de cookies utiliza la p\u00e1gina web www.eventhropology.es?<\/h4>\n<p><strong>3.1 Atendiendo a la entidad propietaria de las cookies<br \/>\n<\/strong>Cookies propias.- Las cookies propias se env\u00edan al equipo terminal del usuario desde un equipo o dominio gestionado por EVENTHROPOLOGY y desde el que se presta el servicio solicitado por el usuario.<br \/>\nCookies de terceros.- Las cookies de terceros se env\u00edan al equipo terminal del usuario desde un equipo o dominio que no es gestionado por EVENTHROPOLOGY, sino por otra entidad que trata los datos obtenidos trav\u00e9s de las cookies.<br \/>\nLa informaci\u00f3n facilitada por Google nos permite conocer cu\u00e1les de entre nuestros contenidos son los m\u00e1s visitados y, por tanto, m\u00e1s atractivos para los usuarios, pudiendo as\u00ed mejorar la oferta de productos o servicios que le ofrecemos.<br \/>\nEVENTHROPOLOGY administra diversos perfiles en otras redes sociales y plataformas gestionadas por terceros. Dichas plataformas instalan cookies a todos sus visitantes, aunque estos no sean usuarios registrados de las mismas.<\/p>\n<p><strong>3.2 Atendiendo al plazo de uso<br \/>\n<\/strong><strong>Cookies de sesi\u00f3n.<\/strong> Son cookies temporales que s\u00f3lo est\u00e1n activas en el momento en que el usuario accede a nuestra p\u00e1gina web (o, m\u00e1s precisamente, hasta que el usuario sale del sitio web y el navegador se cierra). Las cookies de sesi\u00f3n ayudan a nuestra p\u00e1gina web para memorizar los pasos que el visitante ha hecho en la p\u00e1gina anterior, eliminando as\u00ed la necesidad de volver a introducir la informaci\u00f3n<br \/>\n<strong>Cookies persistentes.<\/strong> Las cookies persistentes permanecen en el ordenador del visitante despu\u00e9s de visitar nuestro sitio. Estas cookies nos ayudan a identificarlo como visitante \u00fanico (que conserva esta informaci\u00f3n como un n\u00famero generado al azar). El tiempo de conservaci\u00f3n de las cookies en el equipo del usuario depender\u00e1 del tipo de cookie.<\/p>\n<p><strong>3.3 Atendiendo a la finalidad<\/strong><br \/>\n<strong>Cookies de an\u00e1lisis.<\/strong>&#8211; Son aqu\u00e9llas que bien tratadas por nosotros o por terceros, permiten al responsable de las mismas el seguimiento y an\u00e1lisis del comportamiento de los usuarios de los sitios web a los que est\u00e1n vinculadas. Los datos as\u00ed recogidos permiten cuantificar, entre otros, el n\u00famero de usuarios, las p\u00e1ginas visitadas, el tiempo que los usuarios permanecen en cada una de ellas o si \u00e9stos son nuevos o repiten visita, siempre de forma an\u00f3nima (se identifican dispositivos y navegadores, nunca usuarios).<\/p>\n<p>La informaci\u00f3n es recabada a trav\u00e9s de cookies de Google Analytics, siendo Google Inc. la \u00fanica responsable de las mismas y de su uso. EVENTHROPOLOGY no tiene acceso en ning\u00fan momento a la informaci\u00f3n as\u00ed recogida, sino \u00fanicamente a datos agregados (esto es, que no incluyen datos de car\u00e1cter personal) facilitados por Google Inc. y no asociados a ninguna direcci\u00f3n IP concreta. Tanto la finalidad del tratamiento y uso de la informaci\u00f3n captada, como el funcionamiento y duraci\u00f3n de las cookies de Google Analytics, son determinados por Google. Puede obtener m\u00e1s informaci\u00f3n al respecto a trav\u00e9s del Centro de privacidad de Google.<\/p>\n<p>La informaci\u00f3n facilitada por Google nos permite conocer cu\u00e1les de entre nuestros contenidos son los m\u00e1s visitados y, por tanto, m\u00e1s atractivos para los usuarios, pudiendo as\u00ed mejorar la oferta de productos o servicios que le ofrecemos.<\/p>\n<p><strong>ii. Cookies t\u00e9cnicas<\/strong><br \/>\nUtilizamos cookies t\u00e9cnicas para autenticar al usuario, evitar el uso fraudulento de credenciales de inicio de sesi\u00f3n y proteger los datos de nuestros usuarios frente a terceros no autorizados.<br \/>\n<strong>iii. Cookies publicitarias<\/strong><br \/>\nEmpleamos cookies de publicidad y marketing con la finalidad de conocer, de manera desagregada y an\u00f3nima, el perfil y la procedencia de aquellos nuevos clientes que contactan con nosotros a trav\u00e9s de internet. Los datos as\u00ed recogidos se emplean con la finalidad de determinar la efectividad de nuestras campa\u00f1as publicitarias y dirigir \u00e9stas hacia aquellos segmentos de consumidores que puedan estar m\u00e1s interesados en contratar nuestros servicios.<br \/>\nListado de cookies utilizado en EVENTHROPOLOGY<\/p>\n<p>EVENTHROPOLOGY administra diversos perfiles en otras redes sociales y plataformas gestionadas por terceros. Dichas plataformas instalan cookies a todos sus visitantes, aunque estos no sean usuarios registrados de las mismas. Usted puede obtener m\u00e1s informaci\u00f3n sobre las finalidades de la instalaci\u00f3n y uso de dichas cookies mediante los siguientes enlaces:<\/p>\n<p>[EVENTHROPOLOGY] en Facebook (https:\/\/www.facebook.com\/eventhropology\/)<br \/>\n[EVENTHROPOLOGY] en Instagram (https:\/\/www.instagram.com\/eventhropology\/)<br \/>\n[EVENTHROPOLOGY] en Linkedin (https:\/\/www.linkedin.com\/company\/eventhropology\/)<\/p>\n<h4>\n4. \u00bfEs necesario aceptar la instalaci\u00f3n y funcionamiento de las cookies para visitar este sitio web?<\/h4>\n<p>Para utilizar algunas de las funciones que le ofrecemos a trav\u00e9s de nuestra web la instalaci\u00f3n y uso de cookies resulta necesaria. Si rechaza o bloquea las cookies no podr\u00e1 utilizar algunos de los servicios de la p\u00e1gina web, como por ejemplo, aquellos que requieran su autenticaci\u00f3n como usuario. Tambi\u00e9n es posible que se ralentice la carga de algunas de las p\u00e1ginas de este sitio web.<\/p>\n<h4>\n5. \u00bfEs posible bloquear y\/o eliminar las cookies?<\/h4>\n<p>La gran mayor\u00eda de los navegadores modernos permiten cambiar las preferencias del usuario en relaci\u00f3n con las cookies, por lo que Usted puede permitir, bloquear y\/o eliminar las cookies instaladas en su equipo en cualquier momento. Estos ajustes se encuentran normalmente en las \u2018opciones\u2019 o \u2018preferencias\u2019 del programa. Para comprobar y modificar dichos ajustes siga las siguientes instrucciones en funci\u00f3n del navegador empleado:<br \/>\n<strong>Internet Explorer<\/strong><br \/>\nHerramientas \u2192 Opciones de Internet \u2192 Privacidad \u2192 Configuraci\u00f3n.<br \/>\nPara m\u00e1s informaci\u00f3n, puede consultar el soporte de Microsoft o la Ayuda del navegador.<br \/>\n<strong>Firefox<\/strong><br \/>\nHerramientas \u2192 Opciones \u2192 Privacidad \u2192 Historial \u2192 Configuraci\u00f3n Personalizada.<br \/>\nPara m\u00e1s informaci\u00f3n, puede consultar el soporte de Mozilla o la Ayuda del navegador.<br \/>\n<strong>Chrome<\/strong><br \/>\nChrome: Configuraci\u00f3n \u2192 Mostrar opciones avanzadas \u2192 Privacidad \u2192 Configuraci\u00f3n de contenido.<br \/>\nPara m\u00e1s informaci\u00f3n, puede consultar el soporte de Google o la Ayuda del navegador.<br \/>\n<strong>Safari<\/strong><br \/>\nPreferencias (Cmd\u2318 + ,) \u2192 panel Privacidad\u2192Bloquear Cookies.<br \/>\nPara m\u00e1s informaci\u00f3n, puede consultar el soporte de Apple o la Ayuda del navegador.<\/p>\n<h4>\nM\u00e1s informaci\u00f3n<\/h4>\n<p>Si desea m\u00e1s informaci\u00f3n sobre el uso que hace EVENTHROPOLOGY de las cookies puede solicitarla a trav\u00e9s de la siguiente direcci\u00f3n de correo electr\u00f3nico: info@eventhropology.es<br \/>\nEVENTHROPOLOGY puede modificar esta Pol\u00edtica de Cookies en funci\u00f3n de exigencias legislativas, reglamentarias, o con la finalidad de adaptar dicha pol\u00edtica a las instrucciones dictadas por la Agencia Espa\u00f1ola de Protecci\u00f3n de Datos. Por ello se aconseja a los Usuarios que visiten peri\u00f3dica<\/p>\n","protected":false},"excerpt":{"rendered":"<p>POL\u00cdTICA DE COOKIES 1. Que son las cookies y para qu\u00e9 sirven Las cookies son peque\u00f1os archivos que se descargan en su ordenador cuando accede a determinadas p\u00e1ginas web. Sirven, entre otras cosas, para almacenar y recuperar informaci\u00f3n sobre los h\u00e1bitos de navegaci\u00f3n de un&#8230;<\/p>\n","protected":false},"author":1,"featured_media":0,"parent":0,"menu_order":0,"comment_status":"closed","ping_status":"closed","template":"","meta":{"footnotes":""},"class_list":["post-40","page","type-page","status-publish","hentry"],"_links":{"self":[{"href":"https:\/\/www.eventhropology.es\/en\/wp-json\/wp\/v2\/pages\/40","targetHints":{"allow":["GET"]}}],"collection":[{"href":"https:\/\/www.eventhropology.es\/en\/wp-json\/wp\/v2\/pages"}],"about":[{"href":"https:\/\/www.eventhropology.es\/en\/wp-json\/wp\/v2\/types\/page"}],"author":[{"embeddable":true,"href":"https:\/\/www.eventhropology.es\/en\/wp-json\/wp\/v2\/users\/1"}],"replies":[{"embeddable":true,"href":"https:\/\/www.eventhropology.es\/en\/wp-json\/wp\/v2\/comments?post=40"}],"version-history":[{"count":5,"href":"https:\/\/www.eventhropology.es\/en\/wp-json\/wp\/v2\/pages\/40\/revisions"}],"predecessor-version":[{"id":1175,"href":"https:\/\/www.eventhropology.es\/en\/wp-json\/wp\/v2\/pages\/40\/revisions\/1175"}],"wp:attachment":[{"href":"https:\/\/www.eventhropology.es\/en\/wp-json\/wp\/v2\/media?parent=40"}],"curies":[{"name":"wp","href":"https:\/\/api.w.org\/{rel}","templated":true}]}}