{"id":1171,"date":"2018-03-15T17:10:58","date_gmt":"2018-03-15T16:10:58","guid":{"rendered":"https:\/\/www.eventhropology.es\/aviso-legal-2\/"},"modified":"2018-12-03T09:15:47","modified_gmt":"2018-12-03T08:15:47","slug":"legal-advice","status":"publish","type":"page","link":"https:\/\/www.eventhropology.es\/en\/legal-advice\/","title":{"rendered":"Legal Advice"},"content":{"rendered":"<div class=\"wpb-content-wrapper\"><p>[vc_row row_type=&#8221;row&#8221; use_row_as_full_screen_section=&#8221;no&#8221; type=&#8221;full_width&#8221; text_align=&#8221;left&#8221; background_animation=&#8221;none&#8221; css_animation=&#8221;&#8221;][vc_column][vc_column_text]<\/p>\n<h2>AVISO LEGAL<\/h2>\n<p>MOVING AHEAD S.L., con domicilio a estos efectos en Calle Agatha Christie, 71, 28055, Madrid, CIF n\u00famero: B85488120, inscrita en el Registro Mercantil de Madrid, en el Tomo: 26254; Libro: 0; Folio: 32; Secci\u00f3n: 8; y Hoja: M473104, (en adelante, \u201cEVENTHROPOLOGY\u201d y\/o \u201cnosotros\u201d), es la responsable de tratar los datos personales recogidos como consecuencia de la utilizaci\u00f3n de la presente web y de sus servicios.<\/p>\n<p>El acceso a la web www.eventhropology.es est\u00e1 condicionado a la previa lectura y aceptaci\u00f3n por los visitantes del presente Aviso Legal. Cuando accede y utiliza la web como visitante, se entiende que est\u00e1 de acuerdo, de forma expresa, plena y sin reservas, con la totalidad del contenido de este Aviso Legal en la versi\u00f3n publicada en la web en el momento del acceso. Si no est\u00e1 de acuerdo con el contenido del presente Aviso Legal, deber\u00e1 abstenerse de acceder a la web.<\/p>\n<p>El visitante acepta, de forma expresa y sin excepciones, que el acceso y la utilizaci\u00f3n de la web tiene lugar bajo su \u00fanica y exclusiva responsabilidad<br \/>\nUsuarios: El acceso y\/o uso de este portal de EVENTHROPOLOGY atribuye la condici\u00f3n de usuario, que acepta, desde dicho acceso y\/o uso, las Condiciones Generales de Uso aqu\u00ed reflejadas. Las citadas Condiciones ser\u00e1n de aplicaci\u00f3n independientemente de las Condiciones Generales de Contrataci\u00f3n que en su caso resulten de obligado cumplimiento.<\/p>\n<p><strong>Uso del portal<\/strong>: www.eventhropology.es proporciona el acceso a multitud de informaciones, servicios, programas o datos (en adelante, \u201clos contenidos\u201d) en Internet pertenecientes a EVENTHROPOLOGY o a sus licenciantes a los que el usuario pueda tener acceso. El usuario asume la responsabilidad del uso del portal. Dicha responsabilidad se extiende al registro que fuese necesario para acceder a determinados servicios contenidos. En dicho registro el usuario ser\u00e1 responsable de aportar informaci\u00f3n veraz y l\u00edcita.<\/p>\n<p>El usuario se compromete a hacer un uso adecuado de los contenidos y servicios que EVENTHROPOLOGY ofrece a trav\u00e9s de su portal y con car\u00e1cter enunciativo pero no limitativo, a no emplearlos para (i) incurrir en actividades il\u00edcitas, ilegales o contrarias a la buena fe y al orden p\u00fablico; (ii) difundir contenidos o propaganda de car\u00e1cter racista, xen\u00f3fobo, pornogr\u00e1fico-ilegal, de apolog\u00eda del terrorismo o atentatorio contra los derechos humanos; (iii) provocar da\u00f1os en los sistemas f\u00edsicos y l\u00f3gicos de EVENTHROPOLOGY, de sus proveedores o de terceras personas, introducir o difundir en la red virus inform\u00e1ticos o cualesquiera otros sistemas f\u00edsicos o l\u00f3gicos que sean susceptibles de provocar los da\u00f1os anteriormente mencionados; (iv) intentar acceder y, en su caso, utilizar las cuentas de correo electr\u00f3nico de otros usuarios y modificar o manipular sus mensajes.<\/p>\n<p>EVENTHROPOLOGY se reserva el derecho de retirar todos aquellos comentarios y aportaciones que vulneren el respeto a la dignidad de la persona, que sean discriminatorios, xen\u00f3fobos, racistas, pornogr\u00e1ficos, que atenten contra la juventud o la infancia, el orden o la seguridad p\u00fablica o que, a su juicio, no resultaran adecuados para su publicaci\u00f3n. En cualquier caso, EVENTHROPOLOGY no ser\u00e1 responsable de las opiniones vertidas por los usuarios a trav\u00e9s de los foros, chats, u otras herramientas de participaci\u00f3n.<\/p>\n<p><strong>Protecci\u00f3n de datos<\/strong>: EVENTHROPOLOGY cumple con lo establecido en el Reglamento (UE) 2016\/679 del Parlamento Europeo y del Consejo de 27 de abril de 2016 y dem\u00e1s normativa aplicable en materia de Protecci\u00f3n de Datos en vigor y vela por garantizar un correcto uso y tratamiento de los datos personales del usuario. Para m\u00e1s informaci\u00f3n, consulte nuestra <a href=\"http:\/\/www.eventhropology.es\/eventos\/20-aniversario\/\">Pol\u00edtica de Privacidad<\/a><br \/>\nPropiedad intelectual e industrial: EVENTHROPOLOGY por s\u00ed o como cesionaria, es titular de todos los derechos de propiedad intelectual e industrial de su p\u00e1gina web, as\u00ed como de los elementos contenidos en la misma (a t\u00edtulo enunciativo, im\u00e1genes, sonido, audio, v\u00eddeo, software o textos; marcas o logotipos, combinaciones de colores, estructura y dise\u00f1o, selecci\u00f3n de materiales usados, programas de ordenador necesarios para su funcionamiento, acceso y uso, etc.), titularidad de EVENTHROPOLOGY o bien de sus licenciantes.<\/p>\n<p>Todos los derechos reservados en virtud de lo dispuesto en los art\u00edculos 8 y 32.1, p\u00e1rrafo segundo, de la Ley de Propiedad Intelectual, quedan expresamente prohibidas la reproducci\u00f3n, la distribuci\u00f3n y la comunicaci\u00f3n p\u00fablica, incluida su modalidad de puesta a disposici\u00f3n, de la totalidad o parte de los contenidos de esta p\u00e1gina web, con fines comerciales, en cualquier soporte y por cualquier medio t\u00e9cnico, sin la autorizaci\u00f3n de EVENTHROPOLOGY. El usuario se compromete a respetar los derechos de Propiedad Intelectual e Industrial titularidad de EVENTHROPOLOGY.<\/p>\n<p>La reproducci\u00f3n, modificaci\u00f3n, copia, uso, distribuci\u00f3n, comercializaci\u00f3n, comunicaci\u00f3n p\u00fablica o cualquier otra utilizaci\u00f3n de la informaci\u00f3n contenida en la web (incluidos su propio dise\u00f1o, configuraci\u00f3n y forma de exposici\u00f3n del sitio web) que se realice sin autorizaci\u00f3n de EVENTHROPOLOGY constituye una infracci\u00f3n de la legislaci\u00f3n vigente en materia de propiedad intelectual.<\/p>\n<p><strong>Exclusi\u00f3n de garant\u00edas y responsabilidad<\/strong>: EVENTHROPOLOGY no se hace responsable, en ning\u00fan caso, de los da\u00f1os y perjuicios de cualquier naturaleza que pudieran ocasionar, a t\u00edtulo enunciativo: errores u omisiones en los contenidos, falta de disponibilidad del portal o la transmisi\u00f3n de virus o programas maliciosos o lesivos en los contenidos, a pesar de haber adoptado todas las medidas tecnol\u00f3gicas necesarias para evitarlo.<\/p>\n<p>El contenido del presente sitio web es de car\u00e1cter general y tiene una finalidad meramente informativa, sin que se garantice plenamente el acceso a todos los contenidos, ni su exhaustividad, correcci\u00f3n, vigencia o actualidad, ni su idoneidad o utilidad para un objetivo espec\u00edfico.<\/p>\n<p>EVENTHROPOLOGY excluye, hasta donde permite el ordenamiento jur\u00eddico, cualquier responsabilidad por los da\u00f1os y perjuicios de toda naturaleza derivados de:<br \/>\na) La imposibilidad de acceso al sitio web o la falta de veracidad, exactitud, exhaustividad y\/o actualidad de los contenidos, as\u00ed como la existencia de vicios y defectos de toda clase de los contenidos transmitidos, difundidos, almacenados, puestos a disposici\u00f3n a los que se haya accedido a trav\u00e9s del sitio web o de los servicios que se ofrecen.<\/p>\n<p>b) La presencia de virus o de otros elementos en los contenidos que puedan producir alteraciones en los sistemas inform\u00e1ticos, documentos electr\u00f3nicos o datos de los usuarios.<\/p>\n<p>c) El incumplimiento de las leyes, la buena fe, el orden p\u00fablico, los usos del tr\u00e1fico y el presente aviso legal como consecuencia del uso incorrecto del sitio web. En particular, y a modo ejemplificativo, EVENTHROPOLOGY no se hace responsable de las actuaciones de terceros que vulneren derechos de propiedad intelectual e industrial, secretos empresariales, derechos al honor, a la intimidad personal y familiar y a la propia imagen, as\u00ed como la normativa en materia de competencia desleal y publicidad il\u00edcita.<\/p>\n<p><strong>Hiperlinks<\/strong>: En el caso de que www.eventhropology.es refiera mediante enlaces a publicidad o a p\u00e1ginas Web de terceros EVENTHROPOLOGY no se obliga a controlar y no controla con car\u00e1cter previo, aprueba ni hace propios los servicios, contenidos, datos, archivos, productos y cualquier clase de material existente en la p\u00e1gina o p\u00e1ginas web de terceros, por lo que EVENTHROPOLOGY no responder\u00e1, bajo ninguna circunstancia, de la legalidad de los contenidos de dicha\/ s p\u00e1gina\/ s, siendo responsabilidad exclusiva del tercero, a t\u00edtulo enunciativo y no limitativo, el respeto de la legalidad, moral, buenas costumbres y orden p\u00fablico, de los contenidos, as\u00ed como que aquellos no lesionen derechos cualesquiera de terceros. La existencia de un hiperlink no presupone relaci\u00f3n de ninguna clase entre EVENTHROPOLOGY y el propietario de la p\u00e1gina web en que el mismo se establezca. Aquellos usuarios o terceras personas que pretendan establecer un hiperlink con la p\u00e1gina www.eventhropology.es, deber\u00e1n garantizar que el hiperlink s\u00f3lo permite el acceso a las p\u00e1ginas o servicios de la p\u00e1gina www.eventhropology.es, pero no realiza, de forma enunciativa pero no limitativa, reproducci\u00f3n de contenidos, deep-links, browsers, manifestaciones inexactas o incorrectas, sobre los contenidos o la p\u00e1gina web de www.eventhropology.es. Salvo aquellos signos que formen parte del hiperlink, el usuario garantizar\u00e1 que la p\u00e1gina web en la que se establezca el hiperlink no contendr\u00e1 marcas, nombres comerciales, r\u00f3tulos de establecimientos, denominaciones, logotipos, esl\u00f3ganes o cualquier tipo de signo distintivo perteneciente a EVENTHROPOLOGY.<\/p>\n<p>EVENTHROPOLOGY declina cualquier responsabilidad respecto a la informaci\u00f3n que se halle fuera de esta web y no sea gestionada directamente por nuestro webmaster. La funci\u00f3n de los links que aparecen en esta web es exclusivamente la de informar al usuario sobre la existencia de otras fuentes susceptibles de ampliar los contenidos que ofrece este sitio web. EVENTHROPOLOGY no garantiza ni se responsabiliza del funcionamiento o accesibilidad de los sitios enlazados; ni sugiere, invita o recomienda la visita a los mismos, por lo que tampoco ser\u00e1 responsable del resultado obtenido. En ning\u00fan caso EVENTHROPOLOGY asumir\u00e1 responsabilidad alguna por los contenidos de alg\u00fan enlace perteneciente a un sitio web ajeno, ni garantizar\u00e1 la disponibilidad t\u00e9cnica, calidad, fiabilidad, exactitud, amplitud, veracidad, validez y constitucionalidad de cualquier material o informaci\u00f3n contenida en ninguno de dichos hiperv\u00ednculos u otros sitios de internet.<\/p>\n<p><strong>Modificaciones<\/strong>: EVENTHROPOLOGY se reserva el derecho de efectuar sin previo aviso las modificaciones que considere oportunas en su portal, pudiendo cambiar, suprimir o a\u00f1adir tanto los contenidos y servicios que se presten a trav\u00e9s de la misma como la forma en la que \u00e9stos aparezcan presentados o localizados en su portal.<\/p>\n<p><strong>Derecho de exclusi\u00f3n<\/strong>: EVENTHROPOLOGY se reserva el derecho a denegar o retirar el acceso a portal y\/o los servicios ofrecidos, temporal o definitivamente, sin necesidad de preaviso, a instancia propia o de un tercero, a clientes y\/o usuarios en cualquiera de los siguientes supuestos: por incumplimiento de cualquiera de las Condiciones Generales de Uso establecidos en el presente documento; por incumplimiento de las leyes, la moral, y el Orden p\u00fablico. La exclusi\u00f3n del usuario no supondr\u00e1 la renuncia de EVENTHROPOLOGY a realizar las acciones legales correspondientes o las indemnizaciones que en derecho correspondan.<br \/>\nGeneralidades: EVENTHROPOLOGY perseguir\u00e1 el incumplimiento de las presentes condiciones, as\u00ed como cualquier utilizaci\u00f3n indebida de su portal ejerciendo todas las acciones civiles y penales que le puedan corresponder en derecho.<\/p>\n<p><strong>Salvaguarda de las normas de uso<\/strong>: si una de las estipulaciones de las presentes Normas de uso fuera declarada nula o inoperante, el resto de las Condiciones se mantendr\u00e1n en los t\u00e9rminos acordados. EVENTHROPOLOGY se comprometen a sustituir la estipulaci\u00f3n afectada por la nulidad aproxim\u00e1ndose lo m\u00e1s posible a la intenci\u00f3n inicialmente perseguida por las partes.<\/p>\n<p><strong>Legislaci\u00f3n aplicable y jurisdicci\u00f3n<\/strong>: La relaci\u00f3n entre EVENTHROPOLOGY y el usuario se regir\u00e1 por la normativa espa\u00f1ola vigente y cualquier controversia se someter\u00e1 a los Juzgados y tribunales de la ciudad de Madrid.[\/vc_column_text][\/vc_column][\/vc_row]<\/p>\n<\/div>","protected":false},"excerpt":{"rendered":"<p>[vc_row row_type=&#8221;row&#8221; use_row_as_full_screen_section=&#8221;no&#8221; type=&#8221;full_width&#8221; text_align=&#8221;left&#8221; background_animation=&#8221;none&#8221; css_animation=&#8221;&#8221;][vc_column][vc_column_text] AVISO LEGAL MOVING AHEAD S.L., con domicilio a estos efectos en Calle Agatha Christie, 71, 28055, Madrid, CIF n\u00famero: B85488120, inscrita en el Registro Mercantil de Madrid, en el Tomo: 26254; Libro: 0; Folio: 32; Secci\u00f3n: 8; y&#8230;<\/p>\n","protected":false},"author":1,"featured_media":0,"parent":0,"menu_order":0,"comment_status":"closed","ping_status":"closed","template":"","meta":{"footnotes":""},"class_list":["post-1171","page","type-page","status-publish","hentry"],"_links":{"self":[{"href":"https:\/\/www.eventhropology.es\/en\/wp-json\/wp\/v2\/pages\/1171","targetHints":{"allow":["GET"]}}],"collection":[{"href":"https:\/\/www.eventhropology.es\/en\/wp-json\/wp\/v2\/pages"}],"about":[{"href":"https:\/\/www.eventhropology.es\/en\/wp-json\/wp\/v2\/types\/page"}],"author":[{"embeddable":true,"href":"https:\/\/www.eventhropology.es\/en\/wp-json\/wp\/v2\/users\/1"}],"replies":[{"embeddable":true,"href":"https:\/\/www.eventhropology.es\/en\/wp-json\/wp\/v2\/comments?post=1171"}],"version-history":[{"count":1,"href":"https:\/\/www.eventhropology.es\/en\/wp-json\/wp\/v2\/pages\/1171\/revisions"}],"predecessor-version":[{"id":1174,"href":"https:\/\/www.eventhropology.es\/en\/wp-json\/wp\/v2\/pages\/1171\/revisions\/1174"}],"wp:attachment":[{"href":"https:\/\/www.eventhropology.es\/en\/wp-json\/wp\/v2\/media?parent=1171"}],"curies":[{"name":"wp","href":"https:\/\/api.w.org\/{rel}","templated":true}]}}