{"id":1108,"date":"2018-11-30T19:32:27","date_gmt":"2018-11-30T18:32:27","guid":{"rendered":"https:\/\/www.eventhropology.es\/?page_id=1108"},"modified":"2018-11-30T19:32:27","modified_gmt":"2018-11-30T18:32:27","slug":"clients","status":"publish","type":"page","link":"https:\/\/www.eventhropology.es\/en\/clients\/","title":{"rendered":"Clients"},"content":{"rendered":"<div class=\"wpb-content-wrapper\"><p>[vc_row row_type=&#8221;row&#8221; use_row_as_full_screen_section=&#8221;no&#8221; type=&#8221;full_width&#8221; text_align=&#8221;left&#8221; background_animation=&#8221;none&#8221; css_animation=&#8221;&#8221; css=&#8221;.vc_custom_1521545445208{padding-bottom: 30px !important;}&#8221;][vc_column][vc_column_text]<\/p>\n<h3 style=\"text-align: center;\">Our clients says:<\/h3>\n<p>[\/vc_column_text][\/vc_column][\/vc_row][vc_row row_type=&#8221;row&#8221; use_row_as_full_screen_section=&#8221;no&#8221; type=&#8221;full_width&#8221; text_align=&#8221;left&#8221; background_color=&#8221;#f8f8f8&#8243; background_animation=&#8221;none&#8221; css_animation=&#8221;&#8221; el_class=&#8221;down opiniones opiniones-in&#8221;][vc_column][vc_row_inner row_type=&#8221;row&#8221; type=&#8221;grid&#8221; use_row_as_full_screen_section_slide=&#8221;no&#8221; text_align=&#8221;left&#8221; css_animation=&#8221;&#8221;][vc_column_inner width=&#8221;1\/3&#8243;][vc_column_text el_class=&#8221;opinion&#8221;]<\/p>\n<p class=\"deco-opinion\">&#8220;<\/p>\n<p>Un placer trabajar con Eventhropology. Entendieron r\u00e1pidamente la idea de nuestro evento y se pusieron manos a la obra. El evento resulto un \u00e9xito.<\/p>\n<p><strong>Luis Af\u00e1n Rivera<\/strong><br \/>\nCASA Y CAMPO<br \/>\n<em>www.casaycampo.com<\/em>[\/vc_column_text][vc_column_text el_class=&#8221;opinion&#8221;]<\/p>\n<p class=\"deco-opinion\">&#8220;<\/p>\n<p>Queremos transmitiros nuestro feed-back y nuestras Felicitaciones por la propuesta y organizaci\u00f3n de nuestro congreso de Fin de A\u00f1o.<br \/>\nComo ya os comentamos, la heterogeneidad y variedad de nuestro grupo hace que sea muy dif\u00edcil organizar eventos originales que sean del agrado de todos. Hab\u00e9is dado en la diana. Fue s\u00faper divertido ver a todo el mundo participando y disfrutando de una manera tan original. Todas las delegaciones nos felicitaron por la idea y lo m\u00e1s importante, se fortalecieron los lazos de pertenencia a la organizaci\u00f3n.<br \/>\nCon vuestra ayuda, hemos conseguido fluidificar la comunicaci\u00f3n entre nuestras delegaciones e integrar m\u00e1s si cabe a las nuevas incorporaciones.<br \/>\nMuchas gracias por todo Yolanda y hablamos para el pr\u00f3ximo congreso.<\/p>\n<p><strong>Jes\u00fas Rodr\u00edguez<\/strong><br \/>\nDIRECTOR COMERCIAL<br \/>\n<em>www.grupoamygo.com<\/em>[\/vc_column_text][vc_column_text el_class=&#8221;opinion&#8221;]<\/p>\n<p class=\"deco-opinion\">&#8220;<\/p>\n<p>Yolanda organized an event for our company summit in Madrid. She considered all the prerequisites we listed and managed to find the really matching event.<br \/>\nI am very satisfied, and for sure, will order Yolanda Services next time I have to organize an event in Spain.<\/p>\n<p><strong>Johan Martinez<\/strong><br \/>\nHead of Sales chez Blue Infinity Linked by Isobar[\/vc_column_text][\/vc_column_inner][vc_column_inner width=&#8221;1\/3&#8243;][vc_column_text el_class=&#8221;opinion&#8221;]<\/p>\n<p class=\"deco-opinion\">&#8220;<\/p>\n<p>Realmente ha sido un acierto organizar mi boda con Eventhropology, a dos meses de la celebraci\u00f3n esta todo preparado gracias a sus magnificas y \u00e1giles gestiones. El proyecto no era f\u00e1cil pues requer\u00eda la organizaci\u00f3n de alojamientos, desplazamientos, y estancia con amenizaciones durante 3 d\u00edas para personas procedentes de varios pa\u00edses y con diferentes idiomas. Nuestros invitados est\u00e1n expectantes ante tanta originalidad y nosotros muy satisfechos, por lo que recomendamos Eventhropology sea por el nivel del trabajo realizado como por la atenci\u00f3n al detalle y experiencia de la gesti\u00f3n que en todo momento han mostrado.<\/p>\n<p><strong>Susana Cant\u00f3n Palomar<\/strong><br \/>\nPSICOLOGA Y HEALTH ADVISOR<br \/>\n<em>www.altorendimientopersonal.com<\/em>[\/vc_column_text][vc_column_text el_class=&#8221;opinion&#8221;]<\/p>\n<p class=\"deco-opinion\">&#8220;<\/p>\n<p>Hace ya casi un a\u00f1o que mi empresa entr\u00f3 en contacto con Eventhropology.<br \/>\nDesde el primer momento me pareci\u00f3 m\u00e1s que notable su dedicaci\u00f3n a la hora de encarar los proyectos que hemos compartido.<br \/>\nPara mi compa\u00f1\u00eda, Xlplanet.com, la relaci\u00f3n con Eventhropology ha sido una experiencia para repetir.<br \/>\n\u00a1Ojal\u00e1 todo el mundo supiera responder a las necesidades de un cliente con tanta entrega!<\/p>\n<p><strong>GVM DE PUBLICIDAD SL<\/strong>[\/vc_column_text][\/vc_column_inner][vc_column_inner width=&#8221;1\/3&#8243;][vc_column_text el_class=&#8221;opinion&#8221;]<\/p>\n<p class=\"deco-opinion\">&#8220;<\/p>\n<p>La capacidad organizativa de Eventhropology unida a su creatividad ha superado todas nuestras expectativas. La colaboraci\u00f3n que nos brindaron ha sido muy valiosa. Contaremos con ellas para los pr\u00f3ximos eventos.<\/p>\n<p><strong>Jose Maria Sanchez-Castillo<\/strong><br \/>\nDirector General Kingman<br \/>\n<em>KINGMAN<\/em>[\/vc_column_text][vc_column_text el_class=&#8221;opinion&#8221;]<\/p>\n<p class=\"deco-opinion\">&#8220;<\/p>\n<p>Solo quer\u00eda agredeceros a ti y a tu Equipo la excelente planificaci\u00f3n y gestion del evento de kick-off con todos nosotros la semana pasada. Sali\u00f3 todo perfecto y la gente con la que he hablado se fue encantada. Me alegro de haber escuchado vuestras sugerencias y haber corrido algunos &#8220;riesgos&#8221;&#8230;. \ud83d\ude42<br \/>\nPero tenias raz\u00f3n: estaba todo controlado.<br \/>\nSois un gran Equipo! Muchas gracias y un fuerte abrazo<\/p>\n<p><strong>Javier Garcia Martin <\/strong><br \/>\nPartner &#8211; Global Customer Relations Director<br \/>\n<em>www.tignum.com<\/em>[\/vc_column_text][vc_column_text el_class=&#8221;opinion&#8221;]<\/p>\n<p class=\"deco-opinion\">&#8220;<\/p>\n<p>Llevamos 3 a\u00f1os realizando eventos para nuestro grupo compuesto por 14 empresas, y siempre nos ha sorprendido con detalles que se han traducido en un gran \u00e9xito de organizaci\u00f3n, creando un ambiente m\u00e1s sociable y participativo de nuestras empresas y la gente que acude a dichos eventos,<br \/>\nPor ello, Yolanda y su empresa Eventropology se han conventido en nuestra mejor opci\u00f3n para seguir organizando nuevas reuniones sociales y de ocio para nuestro grupo<\/p>\n<p><strong>Eugenio de la Iglesia Garc\u00edla<\/strong><br \/>\nDIRECTOR GENERAL<br \/>\n<em>www.grupoamygo.com<\/em>[\/vc_column_text][\/vc_column_inner][\/vc_row_inner][\/vc_column][\/vc_row][vc_row row_type=&#8221;row&#8221; use_row_as_full_screen_section=&#8221;no&#8221; type=&#8221;full_width&#8221; text_align=&#8221;left&#8221; background_animation=&#8221;none&#8221; css_animation=&#8221;&#8221;][vc_column][vc_column_text css=&#8221;.vc_custom_1521544719350{margin-bottom: 20px !important;}&#8221;]<\/p>\n<h3 style=\"text-align: center;\">Eventhropology Clients<\/h3>\n<p>[\/vc_column_text][vc_column_text][logocarousel id=&#8221;96&#8243;][\/vc_column_text][\/vc_column][\/vc_row]<\/p>\n<\/div>","protected":false},"excerpt":{"rendered":"<p>[vc_row row_type=&#8221;row&#8221; use_row_as_full_screen_section=&#8221;no&#8221; type=&#8221;full_width&#8221; text_align=&#8221;left&#8221; background_animation=&#8221;none&#8221; css_animation=&#8221;&#8221; css=&#8221;.vc_custom_1521545445208{padding-bottom: 30px !important;}&#8221;][vc_column][vc_column_text] Our clients says: [\/vc_column_text][\/vc_column][\/vc_row][vc_row row_type=&#8221;row&#8221; use_row_as_full_screen_section=&#8221;no&#8221; type=&#8221;full_width&#8221; text_align=&#8221;left&#8221; background_color=&#8221;#f8f8f8&#8243; background_animation=&#8221;none&#8221; css_animation=&#8221;&#8221; el_class=&#8221;down opiniones opiniones-in&#8221;][vc_column][vc_row_inner row_type=&#8221;row&#8221; type=&#8221;grid&#8221; use_row_as_full_screen_section_slide=&#8221;no&#8221; text_align=&#8221;left&#8221; css_animation=&#8221;&#8221;][vc_column_inner width=&#8221;1\/3&#8243;][vc_column_text el_class=&#8221;opinion&#8221;] &#8220; Un placer trabajar con Eventhropology. Entendieron r\u00e1pidamente la idea de nuestro evento y&#8230;<\/p>\n","protected":false},"author":1,"featured_media":0,"parent":0,"menu_order":0,"comment_status":"closed","ping_status":"closed","template":"full_width.php","meta":{"footnotes":""},"class_list":["post-1108","page","type-page","status-publish","hentry"],"_links":{"self":[{"href":"https:\/\/www.eventhropology.es\/en\/wp-json\/wp\/v2\/pages\/1108","targetHints":{"allow":["GET"]}}],"collection":[{"href":"https:\/\/www.eventhropology.es\/en\/wp-json\/wp\/v2\/pages"}],"about":[{"href":"https:\/\/www.eventhropology.es\/en\/wp-json\/wp\/v2\/types\/page"}],"author":[{"embeddable":true,"href":"https:\/\/www.eventhropology.es\/en\/wp-json\/wp\/v2\/users\/1"}],"replies":[{"embeddable":true,"href":"https:\/\/www.eventhropology.es\/en\/wp-json\/wp\/v2\/comments?post=1108"}],"version-history":[{"count":1,"href":"https:\/\/www.eventhropology.es\/en\/wp-json\/wp\/v2\/pages\/1108\/revisions"}],"predecessor-version":[{"id":1109,"href":"https:\/\/www.eventhropology.es\/en\/wp-json\/wp\/v2\/pages\/1108\/revisions\/1109"}],"wp:attachment":[{"href":"https:\/\/www.eventhropology.es\/en\/wp-json\/wp\/v2\/media?parent=1108"}],"curies":[{"name":"wp","href":"https:\/\/api.w.org\/{rel}","templated":true}]}}